{"id":93,"date":"2015-05-30T23:26:31","date_gmt":"2015-05-30T21:26:31","guid":{"rendered":"http:\/\/irland2015.marioroessel.de\/?page_id=93"},"modified":"2015-06-15T01:54:09","modified_gmt":"2015-06-14T23:54:09","slug":"wanderungen","status":"publish","type":"page","link":"https:\/\/irland2015.marioroessel.de\/index.php\/wanderungen\/","title":{"rendered":"Wanderungen"},"content":{"rendered":"<p>Ich versuche, jede meiner Wanderungen per GPS aufzuzeichnen. Hier findet ihr die gesammelten Tracks.<\/p>\n<p><strong><a href=\"https:\/\/docs.google.com\/file\/d\/0BzdZPpBPDP0ma2hWd2xhQk9TRFU\/edit?usp=docslist_api\">Howth Head &#8211; &#8222;Bog of the Frogs Loop&#8220;<\/a><\/strong><br \/>\nRundtour um die Halbinsel Howth bei Dublin<\/p>\n<p><strong><a href=\"https:\/\/docs.google.com\/file\/d\/0BzdZPpBPDP0mQXpYWG4yajgwa0E\/edit?usp=docslist_api\">Mullacor und Derrybawn<\/a><\/strong><br \/>\nZwei Gipfel \u00fcber dem Tal von Glendalough &#8211; inklusive Glendalough Monastry, verlassene Mine, \u00a0Pollanass Wasserf\u00e4llen und Wicklow Way.<\/p>\n<p><strong><a href=\"https:\/\/docs.google.com\/file\/d\/0BzdZPpBPDP0meXZmSDBQbUFya1E\/edit?usp=docslist_api\">Unterwegs in den Comeragh Mountains<\/a><\/strong><br \/>\nWanderung zu den Mahon Falls, auf den Knockaunapeebra, zum Fauscoum mit Blick auf den Coumshingan Lough und zum Comeraghmountain.<\/p>\n<p><strong><a href=\"https:\/\/drive.google.com\/open?id=0BzdZPpBPDP0mY19WYVFVbFRLb2M\">Purple Mountain und Gap of Dunloe<\/a><\/strong><br \/>\nRundwanderung im Gap of Dunloe mit den Gipfeln Tomies Rock, Tomies Mountain, Shehy Mountain und Purple Mountain. <\/p>\n<p><strong><a href=\"https:\/\/drive.google.com\/open?id=0BzdZPpBPDP0mOEFsVDE2Y3BQUWc\">Carrauntohill<\/a><\/strong><br \/>\nRundwanderung hinauf zum Carrauntoohill, dem h\u00f6chsten Berg Irlands, \u00fcber die &#8222;Brother O&#8217;Sheas Gully&#8220; Route. Abstieg \u00fcber Devil&#8217;s Ladder und Hag&#8217;s Glen.<\/p>\n<p><strong><a href=\"https:\/\/drive.google.com\/open?id=0BzdZPpBPDP0mVmIwVlFsaVRrR0E\" target=\"_blank\">Radtour um Loop Head<\/a><\/strong><br \/>\nRadtour rund um die Halbinsel Loop Head mit Leuchtturm und beeindruckenden Cliffs.<\/p>\n<p><strong><a href=\"https:\/\/drive.google.com\/open?id=0BzdZPpBPDP0mTkRWRkpkRTdDSnc\" target=\"_blank\">Black Head Loop (Alternativ)<\/a><\/strong><br \/>\nDurch die kahle Welt des Burren auf dem Black Head Loop, \u00fcber die anliegenden Gipfel zum Burren Way.<\/p>\n<p><strong><a href=\"https:\/\/drive.google.com\/open?id=0BzdZPpBPDP0mY2JPcUM4cjdUOTQ\" target=\"_blank\">Diamond Hill<\/a><\/strong><br \/>\nWanderung zum Diamond Hill im Connemara Nationalpark<\/p>\n<p><strong><a href=\"https:\/\/drive.google.com\/open?id=0BzdZPpBPDP0meDJLUFRJTUktUTg\" target=\"_blank\">Glencoaghan Horseshoe &#8211; \u00dcber sechs der Twelve Bens<\/a><\/strong><br \/>\nAnspruchsvolle Wanderung \u00fcber den Glencoaghan Horseshoe mit den Gipfeln Derryclare, Bencorr, Bencollaghduff, Benbreen, Glengower und Benlettery im Connemara Nationalpark.<\/p>\n","protected":false},"excerpt":{"rendered":"<p>Ich versuche, jede meiner Wanderungen per GPS aufzuzeichnen. Hier findet ihr die gesammelten Tracks. Howth Head &#8211; &#8222;Bog of the Frogs Loop&#8220; Rundtour um die Halbinsel Howth bei Dublin Mullacor und Derrybawn Zwei Gipfel \u00fcber dem Tal von Glendalough &#8211;&hellip; <\/p>\n","protected":false},"author":1,"featured_media":0,"parent":0,"menu_order":0,"comment_status":"open","ping_status":"open","template":"","meta":{"footnotes":""},"class_list":["post-93","page","type-page","status-publish","hentry"],"_links":{"self":[{"href":"https:\/\/irland2015.marioroessel.de\/index.php\/wp-json\/wp\/v2\/pages\/93","targetHints":{"allow":["GET"]}}],"collection":[{"href":"https:\/\/irland2015.marioroessel.de\/index.php\/wp-json\/wp\/v2\/pages"}],"about":[{"href":"https:\/\/irland2015.marioroessel.de\/index.php\/wp-json\/wp\/v2\/types\/page"}],"author":[{"embeddable":true,"href":"https:\/\/irland2015.marioroessel.de\/index.php\/wp-json\/wp\/v2\/users\/1"}],"replies":[{"embeddable":true,"href":"https:\/\/irland2015.marioroessel.de\/index.php\/wp-json\/wp\/v2\/comments?post=93"}],"version-history":[{"count":10,"href":"https:\/\/irland2015.marioroessel.de\/index.php\/wp-json\/wp\/v2\/pages\/93\/revisions"}],"predecessor-version":[{"id":541,"href":"https:\/\/irland2015.marioroessel.de\/index.php\/wp-json\/wp\/v2\/pages\/93\/revisions\/541"}],"wp:attachment":[{"href":"https:\/\/irland2015.marioroessel.de\/index.php\/wp-json\/wp\/v2\/media?parent=93"}],"curies":[{"name":"wp","href":"https:\/\/api.w.org\/{rel}","templated":true}]}}